{"id":371,"date":"2025-02-11T16:06:10","date_gmt":"2025-02-11T15:06:10","guid":{"rendered":"https:\/\/trivium.cat\/novaweb\/?page_id=371"},"modified":"2025-05-13T16:31:41","modified_gmt":"2025-05-13T15:31:41","slug":"serveis-a-la-infancia-adolescencia-i-joves","status":"publish","type":"page","link":"https:\/\/trivium.cat\/novaweb\/serveis-a-la-infancia-adolescencia-i-joves\/","title":{"rendered":"Serveis a la inf\u00e0ncia, adolesc\u00e8ncia i joves"},"content":{"rendered":"\n\t<section class=\"section has-parallax\" id=\"section_1745202240\">\n\t\t<div class=\"section-bg fill\" data-parallax-container=\".section\" data-parallax-background data-parallax=\"-6\">\n\t\t\t<img loading=\"lazy\" decoding=\"async\" width=\"2560\" height=\"1441\" src=\"https:\/\/trivium.cat\/novaweb\/wp-content\/uploads\/2025\/02\/header-2-scaled.jpg\" class=\"bg attachment-original size-original\" alt=\"\" \/>\t\t\t\t\t\t\n\t\t\t\n\n\t\t<\/div>\n\n\t\t\n\n\t\t<div class=\"section-content relative\">\n\t\t\t\n\t<div id=\"gap-1613859143\" class=\"gap-element clearfix\" style=\"display:block; height:auto;\">\n\t\t\n<style>\n#gap-1613859143 {\n  padding-top: 50px;\n}\n@media (min-width:550px) {\n  #gap-1613859143 {\n    padding-top: 150px;\n  }\n}\n<\/style>\n\t<\/div>\n\t\n<div class=\"row row-collapse row-full-width\"  id=\"row-343113639\">\n\n\t<div id=\"col-1091091551\" class=\"col hide-for-small medium-1 small-12 large-1\"  >\n\t\t\t\t<div class=\"col-inner\"  >\n\t\t\t\n\t\t\t\n\t\t<\/div>\n\t\t\t\t\t<\/div>\n\n\t\n\n\t<div id=\"col-1939667240\" class=\"col medium-7 small-12 large-7\"  data-animate=\"fadeInLeft\">\n\t\t\t\t<div class=\"col-inner dark\"  >\n\t\t\t\n\t\t\t\n\t<div id=\"gap-1905043581\" class=\"gap-element clearfix\" style=\"display:block; height:auto;\">\n\t\t\n<style>\n#gap-1905043581 {\n  padding-top: 100px;\n}\n<\/style>\n\t<\/div>\n\t\n\t<div id=\"text-338299806\" class=\"text\">\n\t\t\n<p><span style=\"font-size: 15px;\">Inici \/ Serveis per etapes<\/span><\/p>\n<h1 data-line-height=\"xs\"><span style=\"font-size: 50px;\"><strong>Serveis per a la inf\u00e0ncia,<br \/>l\u2019adolesc\u00e8ncia i els joves<\/strong><\/span><\/h1>\n\t\t\n<style>\n#text-338299806 {\n  color: rgb(255,255,255);\n}\n#text-338299806 > * {\n  color: rgb(255,255,255);\n}\n<\/style>\n\t<\/div>\n\t\n\t\t<\/div>\n\t\t\t\t\n<style>\n#col-1939667240 > .col-inner {\n  padding: 0px 0px 0px 5%;\n}\n<\/style>\n\t<\/div>\n\n\t\n\n\t<div id=\"col-977973567\" class=\"col medium-4 small-12 large-4\"  >\n\t\t\t\t<div class=\"col-inner text-right\"  >\n\t\t\t\n\t\t\t\n\t<div class=\"img has-hover hide-for-small x md-x lg-x y md-y lg-y\" id=\"image_64947594\">\n\t\t\t\t\t\t\t\t<div class=\"img-inner dark\" >\n\t\t\t<img decoding=\"async\" src=\"https:\/\/trivium.cat\/novaweb\/wp-content\/uploads\/2025\/01\/linea.svg\" class=\"attachment-original size-original\" alt=\"\" \/>\t\t\t\t\t\t\n\t\t\t\t\t<\/div>\n\t\t\t\t\t\t\t\t\n<style>\n#image_64947594 {\n  width: 38%;\n}\n<\/style>\n\t<\/div>\n\t\n\t\t<\/div>\n\t\t\t\t\t<\/div>\n\n\t\n<\/div>\n\t\t<\/div>\n\n\t\t\n<style>\n#section_1745202240 {\n  padding-top: 0px;\n  padding-bottom: 0px;\n  min-height: 600px;\n}\n<\/style>\n\t<\/section>\n\t\n\n\t<section class=\"section\" id=\"section_2042222643\">\n\t\t<div class=\"section-bg fill\" >\n\t\t\t\t\t\t\t\t\t\n\t\t\t\n\n\t\t<\/div>\n\n\t\t\n\n\t\t<div class=\"section-content relative\">\n\t\t\t\n\t<div id=\"gap-91329891\" class=\"gap-element clearfix\" style=\"display:block; height:auto;\">\n\t\t\n<style>\n#gap-91329891 {\n  padding-top: 30px;\n}\n<\/style>\n\t<\/div>\n\t\n<div class=\"row align-middle\"  id=\"row-322110433\">\n\n\t<div id=\"col-704930235\" class=\"col medium-2 small-12 large-2\"  data-animate=\"fadeInLeft\">\n\t\t\t\t<div class=\"col-inner dark\"  >\n\t\t\t\n\t\t\t\n\t<div id=\"text-3245872285\" class=\"text\">\n\t\t\n<h3>Qu\u00e8<br \/>\noferim?<\/h3>\n\t\t\n<style>\n#text-3245872285 {\n  font-size: 2rem;\n  line-height: 0.9;\n  text-align: left;\n}\n<\/style>\n\t<\/div>\n\t\n\t\t<\/div>\n\t\t\t\t\t<\/div>\n\n\t\n\n\t<div id=\"col-723176569\" class=\"col medium-9 small-12 large-9\"  >\n\t\t\t\t<div class=\"col-inner dark\"  >\n\t\t\t\n\t\t\t\n\t<div id=\"text-284701961\" class=\"text\">\n\t\t\n<h3>Des de 1992 al servei de les persones.<\/h3>\n\t\t\n<style>\n#text-284701961 {\n  font-size: 1.2rem;\n}\n<\/style>\n\t<\/div>\n\t\n\t<div id=\"text-269501389\" class=\"text\">\n\t\t\n<p>Oferim serveis especialitzats en <span style=\"font-family: Satoshi-bold;\">logop\u00e8dia<\/span>, per al tractament de dificultats en la parla, el llenguatge i la comunicaci\u00f3; <span style=\"font-family: Satoshi-bold;\">psicologia<\/span>, per proporcionar suport emocional i conductual; <span style=\"font-family: Satoshi-bold;\">psicopedagogia<\/span>, per ajudar a superar dificultats d\u2019aprenentatge i optimitzar els processos educatius, i <span style=\"font-family: Satoshi-bold;\">neuropsicologia<\/span>, per estudiar com el funcionament cerebral influeix en l\u2019<span style=\"font-family: Satoshi-bold;\">aprenentatge i la conducta<\/span>.<\/p>\n\t\t\n<style>\n#text-269501389 {\n  font-size: 1rem;\n  line-height: 1.2;\n  text-align: left;\n}\n<\/style>\n\t<\/div>\n\t\n\t\t<\/div>\n\t\t\t\t\t<\/div>\n\n\t\n<\/div>\n\t\t<\/div>\n\n\t\t\n<style>\n#section_2042222643 {\n  padding-top: 0px;\n  padding-bottom: 0px;\n  background-color: #3cb6ce;\n}\n<\/style>\n\t<\/section>\n\t\n\n\t<section class=\"section\" id=\"section_1728739173\">\n\t\t<div class=\"section-bg fill\" >\n\t\t\t\t\t\t\t\t\t\n\t\t\t\n\n\t\t<\/div>\n\n\t\t\n\n\t\t<div class=\"section-content relative\">\n\t\t\t\n<div class=\"row\"  id=\"row-2142313775\">\n\n\t<div id=\"col-1338468424\" class=\"col medium-3 small-6 large-3\"  data-animate=\"fadeInLeft\">\n\t\t\t\t<div class=\"col-inner\"  >\n\t\t\t\n\t\t\t\n\t<div id=\"text-3761606068\" class=\"text\">\n\t\t\n<h3>Els nostres serveis<\/h3>\n\t\t\n<style>\n#text-3761606068 {\n  color: #3cb6ce;\n}\n#text-3761606068 > * {\n  color: #3cb6ce;\n}\n<\/style>\n\t<\/div>\n\t\n\t<div class=\"img has-hover x md-x lg-x y md-y lg-y\" id=\"image_749608945\">\n\t\t\t\t\t\t\t\t<div class=\"img-inner dark\" style=\"margin:-20px 0px 0px 0px;\">\n\t\t\t<img decoding=\"async\" src=\"https:\/\/trivium.cat\/novaweb\/wp-content\/uploads\/2025\/01\/Trivium_website_1_arrow.svg\" class=\"attachment-original size-original\" alt=\"\" \/>\t\t\t\t\t\t\n\t\t\t\t\t<\/div>\n\t\t\t\t\t\t\t\t\n<style>\n#image_749608945 {\n  width: 25%;\n}\n<\/style>\n\t<\/div>\n\t\n\t\t<\/div>\n\t\t\t\t\n<style>\n#col-1338468424 > .col-inner {\n  margin: 0px 0px -20px 0px;\n}\n<\/style>\n\t<\/div>\n\n\t\n<\/div>\n<div class=\"row row-collapse\"  id=\"row-1564562084\">\n\n\t<div id=\"col-2130424660\" class=\"col medium-3 small-6 large-3\"  data-animate=\"fadeInRight\">\n\t\t\t\t<div class=\"col-inner text-center\"  >\n\t\t\t\n\t\t\t\n\t<div class=\"img has-hover x md-x lg-x y md-y lg-y\" id=\"image_2021047195\">\n\t\t\t\t\t\t\t\t<div class=\"img-inner dark\" >\n\t\t\t<img decoding=\"async\" src=\"https:\/\/trivium.cat\/novaweb\/wp-content\/uploads\/2025\/01\/logopedia.svg\" class=\"attachment-original size-original\" alt=\"\" \/>\t\t\t\t\t\t\n\t\t\t\t\t<\/div>\n\t\t\t\t\t\t\t\t\n<style>\n#image_2021047195 {\n  width: 32%;\n}\n<\/style>\n\t<\/div>\n\t\n\t<div id=\"text-2204276292\" class=\"text\">\n\t\t\n<h3>Logop\u00e8dia<\/h3>\n\t\t\n<style>\n#text-2204276292 {\n  color: #3cb6ce;\n}\n#text-2204276292 > * {\n  color: #3cb6ce;\n}\n<\/style>\n\t<\/div>\n\t\n\t\t<\/div>\n\t\t\t\t\t<\/div>\n\n\t\n\n\t<div id=\"col-2106914463\" class=\"col medium-3 small-6 large-3\"  data-animate=\"fadeInUp\">\n\t\t\t\t<div class=\"col-inner text-center\"  >\n\t\t\t\n\t\t\t\n\t<div class=\"img has-hover x md-x lg-x y md-y lg-y\" id=\"image_1870667814\">\n\t\t\t\t\t\t\t\t<div class=\"img-inner dark\" >\n\t\t\t<img decoding=\"async\" src=\"https:\/\/trivium.cat\/novaweb\/wp-content\/uploads\/2025\/01\/neuro.svg\" class=\"attachment-original size-original\" alt=\"\" \/>\t\t\t\t\t\t\n\t\t\t\t\t<\/div>\n\t\t\t\t\t\t\t\t\n<style>\n#image_1870667814 {\n  width: 32%;\n}\n<\/style>\n\t<\/div>\n\t\n\t<div id=\"text-676716686\" class=\"text\">\n\t\t\n<h3>Neuropsicologia<\/h3>\n\t\t\n<style>\n#text-676716686 {\n  color: #3cb6ce;\n}\n#text-676716686 > * {\n  color: #3cb6ce;\n}\n<\/style>\n\t<\/div>\n\t\n\t\t<\/div>\n\t\t\t\t\t<\/div>\n\n\t\n\n\t<div id=\"col-648518790\" class=\"col medium-3 small-6 large-3\"  data-animate=\"fadeInDown\">\n\t\t\t\t<div class=\"col-inner text-center\"  >\n\t\t\t\n\t\t\t\n\t<div class=\"img has-hover x md-x lg-x y md-y lg-y\" id=\"image_2002035456\">\n\t\t\t\t\t\t\t\t<div class=\"img-inner dark\" >\n\t\t\t<img decoding=\"async\" src=\"https:\/\/trivium.cat\/novaweb\/wp-content\/uploads\/2025\/01\/psicologia.svg\" class=\"attachment-original size-original\" alt=\"\" \/>\t\t\t\t\t\t\n\t\t\t\t\t<\/div>\n\t\t\t\t\t\t\t\t\n<style>\n#image_2002035456 {\n  width: 32%;\n}\n<\/style>\n\t<\/div>\n\t\n\t<div id=\"text-2167057426\" class=\"text\">\n\t\t\n<h3>Psicologia<\/h3>\n\t\t\n<style>\n#text-2167057426 {\n  color: #3cb6ce;\n}\n#text-2167057426 > * {\n  color: #3cb6ce;\n}\n<\/style>\n\t<\/div>\n\t\n\t\t<\/div>\n\t\t\t\t\t<\/div>\n\n\t\n\n\t<div id=\"col-1169817256\" class=\"col medium-3 small-6 large-3\"  data-animate=\"fadeInLeft\">\n\t\t\t\t<div class=\"col-inner text-center\"  >\n\t\t\t\n\t\t\t\n\t<div class=\"img has-hover x md-x lg-x y md-y lg-y\" id=\"image_468166325\">\n\t\t\t\t\t\t\t\t<div class=\"img-inner dark\" >\n\t\t\t<img decoding=\"async\" src=\"https:\/\/trivium.cat\/novaweb\/wp-content\/uploads\/2025\/01\/psicopedagogia.svg\" class=\"attachment-original size-original\" alt=\"\" \/>\t\t\t\t\t\t\n\t\t\t\t\t<\/div>\n\t\t\t\t\t\t\t\t\n<style>\n#image_468166325 {\n  width: 32%;\n}\n<\/style>\n\t<\/div>\n\t\n\t<div id=\"text-1440250683\" class=\"text\">\n\t\t\n<h3>Psicopedagogia<\/h3>\n\t\t\n<style>\n#text-1440250683 {\n  color: #3cb6ce;\n}\n#text-1440250683 > * {\n  color: #3cb6ce;\n}\n<\/style>\n\t<\/div>\n\t\n\t\t<\/div>\n\t\t\t\t\t<\/div>\n\n\t\n<\/div>\n\t<div id=\"gap-1387933915\" class=\"gap-element clearfix\" style=\"display:block; height:auto;\">\n\t\t\n<style>\n#gap-1387933915 {\n  padding-top: 50px;\n}\n<\/style>\n\t<\/div>\n\t\n<div class=\"row\"  id=\"row-731853951\">\n\n\t<div id=\"col-973268527\" class=\"col medium-3 small-6 large-3\"  data-animate=\"fadeInLeft\">\n\t\t\t\t<div class=\"col-inner\"  >\n\t\t\t\n\t\t\t\n\t<div id=\"text-56222462\" class=\"text\">\n\t\t\n<h3>Arees de treball<\/h3>\n\t\t\n<style>\n#text-56222462 {\n  color: #3cb6ce;\n}\n#text-56222462 > * {\n  color: #3cb6ce;\n}\n<\/style>\n\t<\/div>\n\t\n\t<div class=\"img has-hover x md-x lg-x y md-y lg-y\" id=\"image_396788386\">\n\t\t\t\t\t\t\t\t<div class=\"img-inner dark\" style=\"margin:-20px 0px 0px 0px;\">\n\t\t\t<img decoding=\"async\" src=\"https:\/\/trivium.cat\/novaweb\/wp-content\/uploads\/2025\/01\/Trivium_website_1_arrow.svg\" class=\"attachment-original size-original\" alt=\"\" \/>\t\t\t\t\t\t\n\t\t\t\t\t<\/div>\n\t\t\t\t\t\t\t\t\n<style>\n#image_396788386 {\n  width: 25%;\n}\n<\/style>\n\t<\/div>\n\t\n\t\t<\/div>\n\t\t\t\t\n<style>\n#col-973268527 > .col-inner {\n  margin: 0px 0px -20px 0px;\n}\n<\/style>\n\t<\/div>\n\n\t\n<\/div>\n<div class=\"row row-small\"  id=\"row-954383905\">\n\n\t<div id=\"col-1103025778\" class=\"col small-12 large-12\"  data-animate=\"fadeInLeft\">\n\t\t\t\t<div class=\"col-inner\"  >\n\t\t\t\n\t\t\t\n\n  <div class=\"banner has-hover\" id=\"banner-1110429184\">\n          <div class=\"banner-inner fill\">\n        <div class=\"banner-bg fill\" >\n                                                \n                    <\/div>\n\t\t\n        <div class=\"banner-layers container\">\n            <div class=\"fill banner-link\"><\/div>            \n   <div id=\"text-box-971292284\" class=\"text-box banner-layer x5 md-x5 lg-x5 y50 md-y50 lg-y50 res-text\">\n                                <div class=\"text-box-content text \">\n              \n              <div class=\"text-inner text-left\">\n                  \n\t<div id=\"text-4173143158\" class=\"text\">\n\t\t\n<p><span style=\"font-size: 40px; color: #3cb6ce;\">01<\/span><\/p>\n<h3><span style=\"color: #3cb6ce;\">Trastorns del Neurodesenvolupament i l\u2019Aprenentatge<\/span><\/h3>\n<p>Avaluaci\u00f3, diagn\u00f2stic i tractament de trastorns del neurodesenvolupament: el trastorn de l\u2019espectre autista d\u2019alt funcionament <span style=\"font-family: Satoshi-bold;\">(TEA)<\/span>, els trastorns del desenvolupament del llenguatge <span style=\"font-family: Satoshi-bold;\">(TDL)<\/span>, els trastorns de l\u2019aprenentatge (<span style=\"font-family: Satoshi-bold;\">disl\u00e8xia<\/span> i la <span style=\"font-family: Satoshi-bold;\">discalc\u00falia<\/span>), i el trastorn per d\u00e8ficit d\u2019atenci\u00f3 amb o sense hiperactivitat <span style=\"font-family: Satoshi-bold;\">(TDAH)<\/span>.<\/p>\n\t\t\n<style>\n#text-4173143158 {\n  font-size: 0.9rem;\n  line-height: 1.2;\n  text-align: left;\n  color: #004153;\n}\n#text-4173143158 > * {\n  color: #004153;\n}\n<\/style>\n\t<\/div>\n\t\n<a href=\"https:\/\/trivium.cat\/novaweb\/serveis-a-la-infancia-adolescencia-i-joves\/trastorns-del-neurodesenvolupament\/\" class=\"button primary is-underline is-small\"  >\n\t\t<span>Saber-ne m\u00e9s<\/span>\n\t<\/a>\n\n              <\/div>\n           <\/div>\n                            \n<style>\n#text-box-971292284 {\n  width: 77%;\n}\n#text-box-971292284 .text-box-content {\n  font-size: 100%;\n}\n<\/style>\n    <\/div>\n \n        <\/div>\n      <\/div>\n\n            \n<style>\n#banner-1110429184 {\n  padding-top: 99.99%;\n  background-color: #cce8ed;\n}\n@media (min-width:550px) {\n  #banner-1110429184 {\n    padding-top: 31.26%;\n  }\n}\n<\/style>\n  <\/div>\n\n\n\t\t<\/div>\n\t\t\t\t\t<\/div>\n\n\t\n<\/div>\n<div class=\"row row-small\"  id=\"row-372359395\">\n\n\t<div id=\"col-247508445\" class=\"col medium-6 small-12 large-6\"  data-animate=\"fadeInRight\">\n\t\t\t\t<div class=\"col-inner\"  >\n\t\t\t\n\t\t\t\n\n  <div class=\"banner has-hover\" id=\"banner-755955696\">\n          <div class=\"banner-inner fill\">\n        <div class=\"banner-bg fill\" >\n            <img decoding=\"async\" src=\"https:\/\/trivium.cat\/novaweb\/wp-content\/uploads\/2025\/02\/tecniques_estudi.svg\" class=\"bg attachment-original size-original\" alt=\"\" \/>                                    \n                    <\/div>\n\t\t\n        <div class=\"banner-layers container\">\n            <div class=\"fill banner-link\"><\/div>            \n   <div id=\"text-box-1814586346\" class=\"text-box banner-layer x5 md-x5 lg-x5 y50 md-y50 lg-y50 res-text\">\n                                <div class=\"text-box-content text \">\n              \n              <div class=\"text-inner text-left\">\n                  \n\t<div id=\"text-872432264\" class=\"text\">\n\t\t\n<p><span style=\"font-size: 40px;\">02<\/span><\/p>\n<h3>Atenci\u00f3 Psicopedag\u00f2gica<\/h3>\n<p><span style=\"font-family: Satoshi-bold;\">T\u00e8cniques d\u2019estudi<\/span><br \/>Ensenyament d\u2019estrat\u00e8gies per l\u2019aprenentatge rendiment acad\u00e8mic. Desenvolupament d\u2019habilitats<br \/>d\u2019organitzaci\u00f3, planificaci\u00f3 i memoritzaci\u00f3.<\/p>\n\t\t\n<style>\n#text-872432264 {\n  font-size: 0.9rem;\n  line-height: 1.2;\n  text-align: left;\n  color: rgb(255,255,255);\n}\n#text-872432264 > * {\n  color: rgb(255,255,255);\n}\n<\/style>\n\t<\/div>\n\t\n<a href=\"https:\/\/trivium.cat\/novaweb\/serveis-a-la-infancia-adolescencia-i-joves\/tecniques-destudi\/\" class=\"button white is-underline is-larger\"  >\n\t\t<span>Saber-ne m\u00e9s<\/span>\n\t<\/a>\n\n              <\/div>\n           <\/div>\n                            \n<style>\n#text-box-1814586346 {\n  width: 70%;\n}\n#text-box-1814586346 .text-box-content {\n  font-size: 100%;\n}\n<\/style>\n    <\/div>\n \n        <\/div>\n      <\/div>\n\n            \n<style>\n#banner-755955696 {\n  padding-top: 99.99%;\n  background-color: rgb(239, 241, 242);\n}\n#banner-755955696 .banner-bg img {\n  object-position: 100% 57%;\n}\n@media (min-width:550px) {\n  #banner-755955696 {\n    padding-top: 60.71%;\n  }\n}\n<\/style>\n  <\/div>\n\n\n\t\t<\/div>\n\t\t\t\t\t<\/div>\n\n\t\n\n\t<div id=\"col-582844541\" class=\"col medium-6 small-12 large-6\"  data-animate=\"fadeInLeft\">\n\t\t\t\t<div class=\"col-inner\"  >\n\t\t\t\n\t\t\t\n\n  <div class=\"banner has-hover\" id=\"banner-61423343\">\n          <div class=\"banner-inner fill\">\n        <div class=\"banner-bg fill\" >\n            <img decoding=\"async\" src=\"https:\/\/trivium.cat\/novaweb\/wp-content\/uploads\/2025\/02\/psico.svg\" class=\"bg attachment-original size-original\" alt=\"\" \/>                                    \n                    <\/div>\n\t\t\n        <div class=\"banner-layers container\">\n            <div class=\"fill banner-link\"><\/div>            \n   <div id=\"text-box-952854702\" class=\"text-box banner-layer x5 md-x5 lg-x5 y50 md-y50 lg-y50 res-text\">\n                                <div class=\"text-box-content text \">\n              \n              <div class=\"text-inner text-left\">\n                  \n\t<div id=\"text-3136101583\" class=\"text\">\n\t\t\n<p><span style=\"font-size: 40px;\">03<\/span><\/p>\n<h3>Atenci\u00f3<br \/>\npsicol\u00f2gica<\/h3>\n<p>Suport emocional i terap\u00e8utic per a nens,<br \/>\nadolescents i adults. Tracta els problemes de conducta, l\u2019ansietat, l\u2019estat d\u2019\u00e0nim, les pors i altres dificultats psicol\u00f2giques.<\/p>\n\t\t\n<style>\n#text-3136101583 {\n  font-size: 0.9rem;\n  line-height: 1.2;\n  text-align: left;\n  color: rgb(204, 232, 237);\n}\n#text-3136101583 > * {\n  color: rgb(204, 232, 237);\n}\n<\/style>\n\t<\/div>\n\t\n<a href=\"https:\/\/trivium.cat\/novaweb\/serveis-a-la-infancia-adolescencia-i-joves\/atencio-psicologica\/\" class=\"button white is-underline is-larger\"  >\n\t\t<span>Saber-ne m\u00e9s<\/span>\n\t<\/a>\n\n              <\/div>\n           <\/div>\n                            \n<style>\n#text-box-952854702 {\n  width: 66%;\n}\n#text-box-952854702 .text-box-content {\n  font-size: 100%;\n}\n<\/style>\n    <\/div>\n \n        <\/div>\n      <\/div>\n\n            \n<style>\n#banner-61423343 {\n  padding-top: 99.99%;\n  background-color: rgb(239, 241, 242);\n}\n#banner-61423343 .banner-bg img {\n  object-position: 100% 57%;\n}\n@media (min-width:550px) {\n  #banner-61423343 {\n    padding-top: 60.71%;\n  }\n}\n<\/style>\n  <\/div>\n\n\n\t\t<\/div>\n\t\t\t\t\t<\/div>\n\n\t\n<\/div>\n<div class=\"row row-small\"  id=\"row-1861249295\">\n\n\t<div id=\"col-1533599356\" class=\"col medium-6 small-12 large-6\"  data-animate=\"fadeInLeft\">\n\t\t\t\t<div class=\"col-inner\"  >\n\t\t\t\n\t\t\t\n\n  <div class=\"banner has-hover\" id=\"banner-1918308139\">\n          <div class=\"banner-inner fill\">\n        <div class=\"banner-bg fill\" >\n            <img decoding=\"async\" src=\"https:\/\/trivium.cat\/novaweb\/wp-content\/uploads\/2025\/02\/digital.svg\" class=\"bg attachment-original size-original\" alt=\"\" \/>                                    \n                    <\/div>\n\t\t\n        <div class=\"banner-layers container\">\n            <div class=\"fill banner-link\"><\/div>            \n   <div id=\"text-box-203631334\" class=\"text-box banner-layer x5 md-x5 lg-x5 y50 md-y50 lg-y50 res-text\">\n                                <div class=\"text-box-content text \">\n              \n              <div class=\"text-inner text-left\">\n                  \n\t<div id=\"text-2684936419\" class=\"text\">\n\t\t\n<p><span style=\"font-size: 40px;\">04<\/span><\/p>\n<h3>\u00c0rea de<br \/>\nBenestar Digital<\/h3>\n<p>Orientaci\u00f3 sobre l\u2019\u00fas saludable de tecnologies<br \/>\ni prevenci\u00f3 d\u2019addiccions digitals. Promoci\u00f3<br \/>\nd\u2019h\u00e0bits digitals equilibrats i segurs.<\/p>\n\t\t\n<style>\n#text-2684936419 {\n  font-size: 0.9rem;\n  line-height: 1.2;\n  text-align: left;\n  color: rgb(204, 232, 237);\n}\n#text-2684936419 > * {\n  color: rgb(204, 232, 237);\n}\n<\/style>\n\t<\/div>\n\t\n<a href=\"https:\/\/trivium.cat\/novaweb\/serveis-a-la-infancia-adolescencia-i-joves\/area-de-benestar-digital\/\" class=\"button white is-underline is-larger\"  >\n\t\t<span>Saber-ne m\u00e9s<\/span>\n\t<\/a>\n\n              <\/div>\n           <\/div>\n                            \n<style>\n#text-box-203631334 {\n  width: 70%;\n}\n#text-box-203631334 .text-box-content {\n  font-size: 100%;\n}\n<\/style>\n    <\/div>\n \n        <\/div>\n      <\/div>\n\n            \n<style>\n#banner-1918308139 {\n  padding-top: 99.99%;\n  background-color: rgb(239, 241, 242);\n}\n#banner-1918308139 .banner-bg img {\n  object-position: 100% 57%;\n}\n@media (min-width:550px) {\n  #banner-1918308139 {\n    padding-top: 60.71%;\n  }\n}\n<\/style>\n  <\/div>\n\n\n\t\t<\/div>\n\t\t\t\t\t<\/div>\n\n\t\n\n\t<div id=\"col-2125792719\" class=\"col medium-6 small-12 large-6\"  data-animate=\"fadeInRight\">\n\t\t\t\t<div class=\"col-inner\"  >\n\t\t\t\n\t\t\t\n\n  <div class=\"banner has-hover\" id=\"banner-1224694254\">\n          <div class=\"banner-inner fill\">\n        <div class=\"banner-bg fill\" >\n            <img decoding=\"async\" src=\"https:\/\/trivium.cat\/novaweb\/wp-content\/uploads\/2025\/02\/discapacitat.svg\" class=\"bg attachment-original size-original\" alt=\"\" \/>                                    \n                    <\/div>\n\t\t\n        <div class=\"banner-layers container\">\n            <div class=\"fill banner-link\"><\/div>            \n   <div id=\"text-box-1223871183\" class=\"text-box banner-layer x5 md-x5 lg-x5 y50 md-y50 lg-y50 res-text\">\n                                <div class=\"text-box-content text \">\n              \n              <div class=\"text-inner text-left\">\n                  \n\t<div id=\"text-2552194774\" class=\"text\">\n\t\t\n<p><span style=\"font-size: 40px;\">05<\/span><\/p>\n<h3>Discapacitat i necessitats<br \/>\ncomplexes de comunicaci\u00f3<\/h3>\n<p>Atenci\u00f3 especialitzada a persones amb discapacitats<br \/>\nf\u00edsiques o intel\u00b7lectuals. Implementaci\u00f3 de sistemes<br \/>\nalternatius i augmentatius de comunicaci\u00f3.<\/p>\n\t\t\n<style>\n#text-2552194774 {\n  font-size: 0.9rem;\n  line-height: 1.2;\n  text-align: left;\n  color: rgb(255,255,255);\n}\n#text-2552194774 > * {\n  color: rgb(255,255,255);\n}\n<\/style>\n\t<\/div>\n\t\n<a href=\"https:\/\/trivium.cat\/novaweb\/serveis-a-la-infancia-adolescencia-i-joves\/discapacitat-i-necessitats-complexes-de-la-comunicacio\/\" class=\"button white is-underline is-larger\"  >\n\t\t<span>Saber-ne m\u00e9s<\/span>\n\t<\/a>\n\n              <\/div>\n           <\/div>\n                            \n<style>\n#text-box-1223871183 {\n  width: 71%;\n}\n#text-box-1223871183 .text-box-content {\n  font-size: 100%;\n}\n<\/style>\n    <\/div>\n \n        <\/div>\n      <\/div>\n\n            \n<style>\n#banner-1224694254 {\n  padding-top: 99.99%;\n  background-color: rgb(239, 241, 242);\n}\n#banner-1224694254 .banner-bg img {\n  object-position: 100% 57%;\n}\n@media (min-width:550px) {\n  #banner-1224694254 {\n    padding-top: 60.71%;\n  }\n}\n<\/style>\n  <\/div>\n\n\n\t\t<\/div>\n\t\t\t\t\t<\/div>\n\n\t\n<\/div>\n\t\t<\/div>\n\n\t\t\n<style>\n#section_1728739173 {\n  padding-top: 30px;\n  padding-bottom: 30px;\n}\n<\/style>\n\t<\/section>\n\t\n\n  <div class=\"banner has-hover\" id=\"banner-1072430349\">\n          <div class=\"banner-inner fill\">\n        <div class=\"banner-bg fill\" >\n            <img loading=\"lazy\" decoding=\"async\" width=\"2560\" height=\"777\" src=\"https:\/\/trivium.cat\/novaweb\/wp-content\/uploads\/2025\/02\/banner-scaled.jpg\" class=\"bg attachment-original size-original\" alt=\"\" \/>                                    \n                    <\/div>\n\t\t\n        <div class=\"banner-layers container\">\n            <div class=\"fill banner-link\"><\/div>            \n   <div id=\"text-box-1051840362\" class=\"text-box banner-layer x100 md-x85 lg-x85 y30 md-y50 lg-y50 res-text\">\n                                <div class=\"text-box-content text dark\">\n              \n              <div class=\"text-inner text-left\">\n                  \n<h3>Vols programar una visita?<\/h3>\n<a href=\"https:\/\/trivium.cat\/novaweb\/contacte\/\" class=\"button white is-outline is-smaller\"  style=\"border-radius:99px;\">\n\t\t<span>Contacta amb nosaltres<\/span>\n\t<\/a>\n\n              <\/div>\n           <\/div>\n                            \n<style>\n#text-box-1051840362 {\n  width: 42%;\n}\n#text-box-1051840362 .text-box-content {\n  font-size: 100%;\n}\n@media (min-width:550px) {\n  #text-box-1051840362 {\n    width: 21%;\n  }\n}\n<\/style>\n    <\/div>\n \n        <\/div>\n      <\/div>\n\n            \n<style>\n#banner-1072430349 {\n  padding-top: 350px;\n}\n#banner-1072430349 .banner-bg img {\n  object-position: 40% 0%;\n}\n<\/style>\n  <\/div>\n\n\n","protected":false},"excerpt":{"rendered":"","protected":false},"author":1,"featured_media":0,"parent":0,"menu_order":0,"comment_status":"closed","ping_status":"closed","template":"page-transparent-header.php","meta":{"footnotes":""},"class_list":["post-371","page","type-page","status-publish","hentry"],"_links":{"self":[{"href":"https:\/\/trivium.cat\/novaweb\/wp-json\/wp\/v2\/pages\/371","targetHints":{"allow":["GET"]}}],"collection":[{"href":"https:\/\/trivium.cat\/novaweb\/wp-json\/wp\/v2\/pages"}],"about":[{"href":"https:\/\/trivium.cat\/novaweb\/wp-json\/wp\/v2\/types\/page"}],"author":[{"embeddable":true,"href":"https:\/\/trivium.cat\/novaweb\/wp-json\/wp\/v2\/users\/1"}],"replies":[{"embeddable":true,"href":"https:\/\/trivium.cat\/novaweb\/wp-json\/wp\/v2\/comments?post=371"}],"version-history":[{"count":28,"href":"https:\/\/trivium.cat\/novaweb\/wp-json\/wp\/v2\/pages\/371\/revisions"}],"predecessor-version":[{"id":1573,"href":"https:\/\/trivium.cat\/novaweb\/wp-json\/wp\/v2\/pages\/371\/revisions\/1573"}],"wp:attachment":[{"href":"https:\/\/trivium.cat\/novaweb\/wp-json\/wp\/v2\/media?parent=371"}],"curies":[{"name":"wp","href":"https:\/\/api.w.org\/{rel}","templated":true}]}}